{"id":23628,"date":"2013-11-06T14:41:18","date_gmt":"2013-11-06T13:41:18","guid":{"rendered":"https:\/\/diekunstbaustelle.de\/partners\/"},"modified":"2025-06-26T23:18:51","modified_gmt":"2025-06-26T22:18:51","slug":"partners","status":"publish","type":"page","link":"https:\/\/diekunstbaustelle.de\/en\/partners\/","title":{"rendered":"Partner"},"content":{"rendered":"<p>The association &#8220;dieKunstBauStelle&#8221; cooperates with the following partners:<\/p>\n<h5><strong>MEMBERSHIPS<br \/>\n<\/strong><\/h5>\n<ul>\n<li><a href=\"https:\/\/www.wertebuendnis-bayern.de\/\" target=\"_blank\" rel=\"noopener\">Werteb\u00fcndnis Bayern (Bavarian Values Alliance)<\/a><br \/>\n<img loading=\"lazy\" decoding=\"async\" class=\"alignnone wp-image-21833\" src=\"https:\/\/diekunstbaustelle.de\/wp-content\/uploads\/2021\/03\/Logo_WertebuendnissBayern-300x241.png\" alt=\"\" width=\"192\" height=\"154\" srcset=\"https:\/\/diekunstbaustelle.de\/wp-content\/uploads\/2021\/03\/Logo_WertebuendnissBayern-300x241.png 300w, https:\/\/diekunstbaustelle.de\/wp-content\/uploads\/2021\/03\/Logo_WertebuendnissBayern-1024x822.png 1024w, https:\/\/diekunstbaustelle.de\/wp-content\/uploads\/2021\/03\/Logo_WertebuendnissBayern-768x617.png 768w, https:\/\/diekunstbaustelle.de\/wp-content\/uploads\/2021\/03\/Logo_WertebuendnissBayern-800x642.png 800w, https:\/\/diekunstbaustelle.de\/wp-content\/uploads\/2021\/03\/Logo_WertebuendnissBayern.png 1157w\" sizes=\"auto, (max-width: 192px) 100vw, 192px\" \/><\/li>\n<li><a href=\"https:\/\/www.ecsa.ngo\/\" target=\"_blank\" rel=\"noopener\">European Citizen Science Association (ECSA)<\/a><br \/>\n<img loading=\"lazy\" decoding=\"async\" class=\"alignnone wp-image-27371\" src=\"https:\/\/diekunstbaustelle.de\/wp-content\/uploads\/2025\/03\/Logo-ecsa-1024x683.jpg\" alt=\"\" width=\"305\" height=\"203\" srcset=\"https:\/\/diekunstbaustelle.de\/wp-content\/uploads\/2025\/03\/Logo-ecsa-1024x683.jpg 1024w, https:\/\/diekunstbaustelle.de\/wp-content\/uploads\/2025\/03\/Logo-ecsa-300x200.jpg 300w, https:\/\/diekunstbaustelle.de\/wp-content\/uploads\/2025\/03\/Logo-ecsa-768x512.jpg 768w, https:\/\/diekunstbaustelle.de\/wp-content\/uploads\/2025\/03\/Logo-ecsa-800x533.jpg 800w, https:\/\/diekunstbaustelle.de\/wp-content\/uploads\/2025\/03\/Logo-ecsa.jpg 1200w\" sizes=\"auto, (max-width: 305px) 100vw, 305px\" \/><\/li>\n<li><a href=\"https:\/\/digital-stage.org\/\" target=\"_blank\" rel=\"noopener\">Digital Stage<\/a><br \/>\n<a href=\"https:\/\/diekunstbaustelle.de\/wp-content\/uploads\/2022\/08\/logo-digitalstage.svg\"><img loading=\"lazy\" decoding=\"async\" class=\"alignnone wp-image-22971\" src=\"https:\/\/diekunstbaustelle.de\/wp-content\/uploads\/2022\/08\/logo-digitalstage.svg\" alt=\"\" width=\"192\" height=\"103\"><\/a><\/li>\n<li><a href=\"https:\/\/www.annefrank.de\/\" target=\"_blank\" rel=\"noopener\">Anne Frank Center<\/a> \u201cNetwork Remembering on Site\u201d<br \/>\n<img loading=\"lazy\" decoding=\"async\" class=\"alignnone wp-image-22972\" src=\"https:\/\/diekunstbaustelle.de\/wp-content\/uploads\/2022\/08\/logo-anne-frank-zentrum.png\" alt=\"\" width=\"220\" height=\"77\" srcset=\"https:\/\/diekunstbaustelle.de\/wp-content\/uploads\/2022\/08\/logo-anne-frank-zentrum.png 726w, https:\/\/diekunstbaustelle.de\/wp-content\/uploads\/2022\/08\/logo-anne-frank-zentrum-300x105.png 300w\" sizes=\"auto, (max-width: 220px) 100vw, 220px\" \/><\/li>\n<li><a href=\"https:\/\/www.soziokultur-bayern.de\/\" target=\"_blank\" rel=\"noopener\">LAG Soziokultur Bayern e. V.<\/a><br \/>\n<img loading=\"lazy\" decoding=\"async\" class=\"alignnone wp-image-27272\" src=\"https:\/\/diekunstbaustelle.de\/wp-content\/uploads\/2024\/11\/Logo-LAG-Soziokultur.png\" alt=\"\" width=\"122\" height=\"138\" srcset=\"https:\/\/diekunstbaustelle.de\/wp-content\/uploads\/2024\/11\/Logo-LAG-Soziokultur.png 802w, https:\/\/diekunstbaustelle.de\/wp-content\/uploads\/2024\/11\/Logo-LAG-Soziokultur-266x300.png 266w, https:\/\/diekunstbaustelle.de\/wp-content\/uploads\/2024\/11\/Logo-LAG-Soziokultur-768x868.png 768w, https:\/\/diekunstbaustelle.de\/wp-content\/uploads\/2024\/11\/Logo-LAG-Soziokultur-800x904.png 800w\" sizes=\"auto, (max-width: 122px) 100vw, 122px\" \/><\/li>\n<li><a href=\"https:\/\/resartis.org\/\" target=\"_blank\" rel=\"noopener\">Res Artis<\/a><br \/>\n<img loading=\"lazy\" decoding=\"async\" class=\"alignnone wp-image-27509\" src=\"https:\/\/diekunstbaustelle.de\/wp-content\/uploads\/2025\/06\/Logo-RESARTIS-rot.png\" alt=\"\" width=\"132\" height=\"70\" srcset=\"https:\/\/diekunstbaustelle.de\/wp-content\/uploads\/2025\/06\/Logo-RESARTIS-rot.png 310w, https:\/\/diekunstbaustelle.de\/wp-content\/uploads\/2025\/06\/Logo-RESARTIS-rot-300x159.png 300w\" sizes=\"auto, (max-width: 132px) 100vw, 132px\" \/><\/li>\n<\/ul>\n<h5><strong>PARTNERS AND COOPERATIONS<br \/>\n<\/strong><\/h5>\n<ul>\n<li data-pm-slice=\"1 1 []\" data-en-clipboard=\"true\">Afghan Educational Children&#8217;s Circus (AECC), Afghanistan<\/li>\n<li>Art Eye, Poland<\/li>\n<li>Institution Irsee<\/li>\n<li>Weilheim Office for Agriculture and Forestry<\/li>\n<li>Federal Foreign Office of the Federal Republic of Germany<\/li>\n<li>Railroad Park Augsburg gGmbH<\/li>\n<li>Bavarian Philharmonic Orchestra e. V.<\/li>\n<li>Bavarian television and radio<\/li>\n<li>BerlinHistory e. V.<\/li>\n<li>Br\u00fccken Bauen e. V.<\/li>\n<li>Boston College, Boston, MA<\/li>\n<li>The Labyrinth &#8211; Raim &amp; Hauck GbR<\/li>\n<li>German-Turkish Friendship Association Bobingen e. V.<\/li>\n<li>Die Stelzer &#8211; Theater auf Stelzen eGbR<\/li>\n<li>District Governorship of K\u00fc\u00e7\u00fck\u00e7ekmece, PGUB (Project Development and Implementation Unit)<\/li>\n<li>Augsburg remembrance workshop<\/li>\n<li>European Holocaust Memorial Foundation e. V.<\/li>\n<li>Film Forum Landsberg<\/li>\n<li>Free University Berlin<\/li>\n<li>Fundaci\u00f3n Escuela de Solidaridad, Granada, Spain<\/li>\n<li>Commemoration in W\u00fcrmtal<\/li>\n<li>German Resistance Memorial Center<\/li>\n<li>Goethe-Institut Istanbul<\/li>\n<li>Goethe-Institut Ankara<\/li>\n<li>Goethe-Institut Jordan<\/li>\n<li>Goethe-Institut Munich<\/li>\n<li>goLandsberg GbR<\/li>\n<li>Gustav Mahler Private University Klagenfurt<\/li>\n<li>Her Yerde Sanat Derne\u011fi (Art Anywhere Association), Turkey<\/li>\n<li>Munich University of Music and Theatre<\/li>\n<li>iELEV Private High School, Istanbul<\/li>\n<li>Istanbul University<\/li>\n<li>Ignaz-K\u00f6gler-Gymnasium Landsberg am Lech<\/li>\n<li>Youth welfare facility Schlo\u00df Zinneberg<\/li>\n<li>Landsberg am Lech District Office<\/li>\n<li>Landsberg daily paper<\/li>\n<li>Liberation Concert e .V.<\/li>\n<li>Secondary school Landsberg am Lech<\/li>\n<li>MUSEUMlandshut<\/li>\n<li>Mobile Mini-Circus for Children (MMCC), Afghanistan<\/li>\n<li>NGO Multicultural Ukraine MKUA, Ukraine<\/li>\n<li>Nomadways, France<\/li>\n<li>Pedagogical Institute of the City of Munich<\/li>\n<li>Sharing Heritage<\/li>\n<li>Municipal Singing and Music School Landsberg am Lech<\/li>\n<li>State vocational school for glass and jewelry Neugablonz<\/li>\n<li>Bavarian Memorials Foundation<\/li>\n<li>T.C. Istanbul University<\/li>\n<li>Augsburg University of Applied Sciences<\/li>\n<li>Bavarian Adult Education Association e. V.<\/li>\n<li>Zdolbuniv High School, Ukraine<\/li>\n<\/ul>\n<h5>PARTNERS AND SUPPORT FROM CITIES, MUNICIPALITIES AND DISTRICTS<\/h5>\n<ul>\n<li>Landsberg am Lech district<\/li>\n<li>Community Fuchstal<\/li>\n<li>Community Greifenberg<\/li>\n<li>Community Geltendorf<\/li>\n<li>Market town Die\u00dfen a. A.<\/li>\n<li>Community Kaufering<\/li>\n<li>Market Kipfenberg<\/li>\n<li>Municipality of Scheuring<\/li>\n<li>Community of Schondorf a. A.<\/li>\n<li>Community ditch<\/li>\n<li>City of Landsberg am Lech<\/li>\n<li>Municipality of Egling a.d. Paar<\/li>\n<li>Communities Prittriching<\/li>\n<li>City of Grafing near Munich<\/li>\n<\/ul>\n<h5><strong>PUBLIC SUBSIDIES (EXCLUDING MUNICIPALITIES)<\/strong><\/h5>\n<ul>\n<li>Bavarian State Ministry for Science and Art<\/li>\n<li>Federal Ministry of Finance<\/li>\n<li>Federal Ministry of Food and Agriculture<\/li>\n<li>Federal Association of Sociocultural Centers e. V.<\/li>\n<li>Federal Association of Performing Arts e. V.<\/li>\n<li>District of Upper Bavaria<\/li>\n<li>German Foundation for Engagement and Volunteering, DSEE<\/li>\n<li>Socioculture Fund<\/li>\n<li>Performing Arts Fund<\/li>\n<li>Heidehof Foundation GmbH (HHS)<\/li>\n<li>Hans Heinrich Martin Foundation<\/li>\n<li>Horizonte e. V. \/ GRASS21 Federal Program &#8220;Democracy Live<\/li>\n<li>retla e. V.<\/li>\n<li>Rotary Social Fund Greifenberg-Schondorf e. V.<\/li>\n<li>Saul and Eleanor Lerner Foundation, USA<\/li>\n<li>City Culture Network of Bavarian Cities e. V.<\/li>\n<li>Landsberg-Die\u00dfen Savings Bank Foundation<\/li>\n<li>Foundation Remembrance, Responsibility and Future (EVZ)<\/li>\n<li>Bavarian Values Alliance Foundation<\/li>\n<li>Turkish Community in Germany e. V.<\/li>\n<li>TILL Freunde des Stadttheaters Landsberg am Lech e. V.<\/li>\n<li>Network Self-Help Landsberg! e. V.<\/li>\n<\/ul>\n<h5><strong>SPONSORS<\/strong><\/h5>\n<ul>\n<li>www.silverbird24.com<\/li>\n<li>www.Tecco.de<\/li>\n<li>Raedler GmbH, Landsberg am Lech<\/li>\n<li>FineArtPrinter Magazine<\/li>\n<li>Getec Print Solutions<\/li>\n<li>Steinway &amp; Sons, Munich<\/li>\n<li>Schaller car dealership, Landsberg am Lech<\/li>\n<li>Sawmill Pr\u00f6bstl<\/li>\n<li>Riedl Karton, Landsberg am Lech<\/li>\n<li>Nicolai publishing house<\/li>\n<li>Sailer hardware store<\/li>\n<\/ul>\n<h5>SOFTWARE AND HARDEWARE PARTNERS<\/h5>\n<ul>\n<li>APPLE (Education program)<\/li>\n<li>ONLY OFFICE<\/li>\n<li><a href=\"https:\/\/freedcamp.com\/\" target=\"_blank\" rel=\"noopener\">FREEDCAMP<\/a><\/li>\n<li><a href=\"https:\/\/miro.com\/\" target=\"_blank\" rel=\"noopener\">MIRO<\/a><\/li>\n<li><a href=\"https:\/\/www.mindmanager.com\/\" target=\"_blank\" rel=\"noopener\">MINDMANAGER<\/a><\/li>\n<li>MICROSOFT OFFICE 365 FOR NGO <a href=\"https:\/\/products.office.com\/de-de\/nonprofit\/office-365-nonprofit\" target=\"_blank\" rel=\"noopener noreferrer\">Website<\/a><\/li>\n<li><a href=\"https:\/\/www.notion.so\/\" target=\"_blank\" rel=\"noopener\">Notion<\/a><\/li>\n<li><a href=\"https:\/\/www.canva.com\/\" target=\"_blank\" rel=\"noopener\">Canva<\/a><\/li>\n<li><a href=\"https:\/\/monday.com\/lang\/de\/\" target=\"_blank\" rel=\"noopener\">Monday.com<\/a><\/li>\n<\/ul>\n","protected":false},"excerpt":{"rendered":"<p>The association &#8220;dieKunstBauStelle&#8221; cooperates with the following partners: MEMBERSHIPS Werteb\u00fcndnis Bayern (Bavarian Values Alliance) European Citizen Science Association (ECSA) Digital Stage Anne Frank Center \u201cNetwork Remembering on Site\u201d LAG Soziokultur Bayern e. V. Res Artis PARTNERS AND COOPERATIONS Afghan Educational Children&#8217;s Circus (AECC), Afghanistan Art Eye, Poland Institution Irsee Weilheim Office for Agriculture and Forestry Federal Foreign Office of the Federal Republic of Germany Railroad Park Augsburg gGmbH Bavarian Philharmonic Orchestra e. V. Bavarian television and radio BerlinHistory e. V. [&hellip;]<\/p>\n","protected":false},"author":1,"featured_media":0,"parent":0,"menu_order":0,"comment_status":"open","ping_status":"open","template":"","meta":{"_monsterinsights_skip_tracking":false,"_monsterinsights_sitenote_active":false,"_monsterinsights_sitenote_note":"","_monsterinsights_sitenote_category":0,"footnotes":""},"class_list":["post-23628","page","type-page","status-publish","hentry"],"_links":{"self":[{"href":"https:\/\/diekunstbaustelle.de\/en\/wp-json\/wp\/v2\/pages\/23628","targetHints":{"allow":["GET"]}}],"collection":[{"href":"https:\/\/diekunstbaustelle.de\/en\/wp-json\/wp\/v2\/pages"}],"about":[{"href":"https:\/\/diekunstbaustelle.de\/en\/wp-json\/wp\/v2\/types\/page"}],"author":[{"embeddable":true,"href":"https:\/\/diekunstbaustelle.de\/en\/wp-json\/wp\/v2\/users\/1"}],"replies":[{"embeddable":true,"href":"https:\/\/diekunstbaustelle.de\/en\/wp-json\/wp\/v2\/comments?post=23628"}],"version-history":[{"count":6,"href":"https:\/\/diekunstbaustelle.de\/en\/wp-json\/wp\/v2\/pages\/23628\/revisions"}],"predecessor-version":[{"id":27678,"href":"https:\/\/diekunstbaustelle.de\/en\/wp-json\/wp\/v2\/pages\/23628\/revisions\/27678"}],"wp:attachment":[{"href":"https:\/\/diekunstbaustelle.de\/en\/wp-json\/wp\/v2\/media?parent=23628"}],"curies":[{"name":"wp","href":"https:\/\/api.w.org\/{rel}","templated":true}]}}